{"id":43,"date":"2022-02-21T16:31:22","date_gmt":"2022-02-21T14:31:22","guid":{"rendered":"https:\/\/users.utu.fi\/vehalava\/?page_id=43"},"modified":"2022-02-28T15:21:40","modified_gmt":"2022-02-28T13:21:40","slug":"logiikan-jatkokurssi","status":"publish","type":"page","link":"https:\/\/users.utu.fi\/vehalava\/logiikan-jatkokurssi\/","title":{"rendered":"MATE5096 Logiikan jatkokurssi 5 op"},"content":{"rendered":"<p><b>Luennot:<\/b> 7.3. alkaen tiistaisin klo 10-12 ja torstaisin klo 12-14 salissa M3.<\/p>\n<p><b>Demonstraatiot:<\/b> harjoitusteht\u00e4vi\u00e4 on kurssin aikana 4-5 kertaa, jokaisella kerralla kolme teht\u00e4v\u00e4\u00e4. Ratkaisut palautetaan kirjallisena s\u00e4hk\u00f6postilla luennoitsijalle.<\/p>\n<p><strong>Materiaali:<\/strong> l\u00e4hetet\u00e4\u00e4n osallistujille s\u00e4hk\u00f6postilla pdf-muodossa ennen ensimm\u00e4ist\u00e4 luentoa.<\/p>\n","protected":false},"excerpt":{"rendered":"<p>Luennot: 7.3. alkaen tiistaisin klo 10-12 ja torstaisin klo 12-14 salissa M3. Demonstraatiot: harjoitusteht\u00e4vi\u00e4 on kurssin aikana 4-5 kertaa, jokaisella kerralla kolme teht\u00e4v\u00e4\u00e4. Ratkaisut palautetaan kirjallisena s\u00e4hk\u00f6postilla luennoitsijalle. Materiaali: l\u00e4hetet\u00e4\u00e4n osallistujille s\u00e4hk\u00f6postilla pdf-muodossa ennen ensimm\u00e4ist\u00e4 luentoa.<\/p>\n","protected":false},"author":4199,"featured_media":0,"parent":0,"menu_order":0,"comment_status":"closed","ping_status":"closed","template":"","meta":{"footnotes":""},"class_list":["post-43","page","type-page","status-publish","hentry","entry"],"_links":{"self":[{"href":"https:\/\/users.utu.fi\/vehalava\/wp-json\/wp\/v2\/pages\/43","targetHints":{"allow":["GET"]}}],"collection":[{"href":"https:\/\/users.utu.fi\/vehalava\/wp-json\/wp\/v2\/pages"}],"about":[{"href":"https:\/\/users.utu.fi\/vehalava\/wp-json\/wp\/v2\/types\/page"}],"author":[{"embeddable":true,"href":"https:\/\/users.utu.fi\/vehalava\/wp-json\/wp\/v2\/users\/4199"}],"replies":[{"embeddable":true,"href":"https:\/\/users.utu.fi\/vehalava\/wp-json\/wp\/v2\/comments?post=43"}],"version-history":[{"count":4,"href":"https:\/\/users.utu.fi\/vehalava\/wp-json\/wp\/v2\/pages\/43\/revisions"}],"predecessor-version":[{"id":49,"href":"https:\/\/users.utu.fi\/vehalava\/wp-json\/wp\/v2\/pages\/43\/revisions\/49"}],"wp:attachment":[{"href":"https:\/\/users.utu.fi\/vehalava\/wp-json\/wp\/v2\/media?parent=43"}],"curies":[{"name":"wp","href":"https:\/\/api.w.org\/{rel}","templated":true}]}}