{"id":6,"date":"2019-05-16T09:24:44","date_gmt":"2019-05-16T09:24:44","guid":{"rendered":"http:\/\/users.utu.fi\/vieiva\/?page_id=2"},"modified":"2019-05-16T09:37:21","modified_gmt":"2019-05-16T09:37:21","slug":"sample-page","status":"publish","type":"page","link":"https:\/\/users.utu.fi\/vieiva\/sample-page\/","title":{"rendered":"Min\u00e4"},"content":{"rendered":"<p>Hei! Olen Ville ja opiskelen biotekniikkaa t\u00e4\u00e4ll\u00e4 Turun yliopistossa. Minua kiinnostaa kaikenlaiset asiat, joten kirjoitukseni t\u00e4\u00e4ll\u00e4 on l\u00e4hinn\u00e4 kaikesta. Kiitoksia!<\/p>\n","protected":false},"excerpt":{"rendered":"<p>Hei! Olen Ville ja opiskelen biotekniikkaa t\u00e4\u00e4ll\u00e4 Turun yliopistossa. Minua kiinnostaa kaikenlaiset asiat, joten kirjoitukseni t\u00e4\u00e4ll\u00e4 on l\u00e4hinn\u00e4 kaikesta. Kiitoksia!<\/p>\n","protected":false},"author":4205,"featured_media":0,"parent":0,"menu_order":0,"comment_status":"closed","ping_status":"open","template":"","meta":{"footnotes":""},"class_list":["post-6","page","type-page","status-publish","hentry"],"_links":{"self":[{"href":"https:\/\/users.utu.fi\/vieiva\/wp-json\/wp\/v2\/pages\/6","targetHints":{"allow":["GET"]}}],"collection":[{"href":"https:\/\/users.utu.fi\/vieiva\/wp-json\/wp\/v2\/pages"}],"about":[{"href":"https:\/\/users.utu.fi\/vieiva\/wp-json\/wp\/v2\/types\/page"}],"author":[{"embeddable":true,"href":"https:\/\/users.utu.fi\/vieiva\/wp-json\/wp\/v2\/users\/4205"}],"replies":[{"embeddable":true,"href":"https:\/\/users.utu.fi\/vieiva\/wp-json\/wp\/v2\/comments?post=6"}],"version-history":[{"count":2,"href":"https:\/\/users.utu.fi\/vieiva\/wp-json\/wp\/v2\/pages\/6\/revisions"}],"predecessor-version":[{"id":29,"href":"https:\/\/users.utu.fi\/vieiva\/wp-json\/wp\/v2\/pages\/6\/revisions\/29"}],"wp:attachment":[{"href":"https:\/\/users.utu.fi\/vieiva\/wp-json\/wp\/v2\/media?parent=6"}],"curies":[{"name":"wp","href":"https:\/\/api.w.org\/{rel}","templated":true}]}}