{"id":83,"date":"2018-12-12T07:52:15","date_gmt":"2018-12-12T07:52:15","guid":{"rendered":"http:\/\/users.utu.fi\/volarj\/?page_id=83"},"modified":"2018-12-12T07:52:30","modified_gmt":"2018-12-12T07:52:30","slug":"wordpress-koulutuksen-palautekysely","status":"publish","type":"page","link":"https:\/\/users.utu.fi\/volarj\/wordpress-koulutuksen-palautekysely\/","title":{"rendered":"WordPress koulutuksen palautekysely"},"content":{"rendered":"\n<div class=\"wpcf7 no-js\" id=\"wpcf7-f80-o1\" lang=\"en-US\" dir=\"ltr\" data-wpcf7-id=\"80\">\n<div class=\"screen-reader-response\"><p role=\"status\" aria-live=\"polite\" aria-atomic=\"true\"><\/p> <ul><\/ul><\/div>\n<form action=\"\/volarj\/wp-json\/wp\/v2\/pages\/83#wpcf7-f80-o1\" method=\"post\" class=\"wpcf7-form init\" aria-label=\"Contact form\" novalidate=\"novalidate\" data-status=\"init\">\n<fieldset class=\"hidden-fields-container\"><input type=\"hidden\" name=\"_wpcf7\" value=\"80\" \/><input type=\"hidden\" name=\"_wpcf7_version\" value=\"6.1.5\" \/><input type=\"hidden\" name=\"_wpcf7_locale\" value=\"en_US\" \/><input type=\"hidden\" name=\"_wpcf7_unit_tag\" value=\"wpcf7-f80-o1\" \/><input type=\"hidden\" name=\"_wpcf7_container_post\" value=\"0\" \/><input type=\"hidden\" name=\"_wpcf7_posted_data_hash\" value=\"\" \/>\n<\/fieldset>\n<p><label> Nimi (vapaaehtoinen)<br \/>\n<span class=\"wpcf7-form-control-wrap\" data-name=\"your-name\"><input size=\"40\" maxlength=\"400\" class=\"wpcf7-form-control wpcf7-text\" aria-invalid=\"false\" value=\"\" type=\"text\" name=\"your-name\" \/><\/span> <\/label>\n<\/p>\n<p>Arviointi asteikoll 1-5<br \/>\n<span class=\"wpcf7-form-control-wrap\" data-name=\"numeerinen\"><span class=\"wpcf7-form-control wpcf7-checkbox wpcf7-exclusive-checkbox\"><span class=\"wpcf7-list-item first\"><input type=\"checkbox\" name=\"numeerinen\" value=\"1\" \/><span class=\"wpcf7-list-item-label\">1<\/span><\/span><span class=\"wpcf7-list-item\"><input type=\"checkbox\" name=\"numeerinen\" value=\"2\" \/><span class=\"wpcf7-list-item-label\">2<\/span><\/span><span class=\"wpcf7-list-item\"><input type=\"checkbox\" name=\"numeerinen\" value=\"3\" \/><span class=\"wpcf7-list-item-label\">3<\/span><\/span><span class=\"wpcf7-list-item\"><input type=\"checkbox\" name=\"numeerinen\" value=\"4\" \/><span class=\"wpcf7-list-item-label\">4<\/span><\/span><span class=\"wpcf7-list-item last\"><input type=\"checkbox\" name=\"numeerinen\" value=\"5\" \/><span class=\"wpcf7-list-item-label\">5<\/span><\/span><\/span><\/span>\n<\/p>\n<p><label> Vapaamuotoinen palaute koulutuksesta ja j\u00e4rjestelyist\u00e4. Voit my\u00f6s kertoa mist\u00e4 olisit halunnut kuulla koulutuksessa niin voimme parantaa materiaalia jatkoa ajatellen.<br \/>\n<span class=\"wpcf7-form-control-wrap\" data-name=\"your-message\"><textarea cols=\"40\" rows=\"10\" maxlength=\"2000\" class=\"wpcf7-form-control wpcf7-textarea\" aria-invalid=\"false\" name=\"your-message\"><\/textarea><\/span> <\/label>\n<\/p>\n<p><input class=\"wpcf7-form-control wpcf7-submit has-spinner\" type=\"submit\" value=\"Send\" \/>\n<\/p><div class=\"wpcf7-response-output\" aria-hidden=\"true\"><\/div>\n<\/form>\n<\/div>\n\n","protected":false},"excerpt":{"rendered":"","protected":false},"author":2532,"featured_media":0,"parent":0,"menu_order":0,"comment_status":"closed","ping_status":"closed","template":"","meta":{"footnotes":""},"class_list":["post-83","page","type-page","status-publish","hentry"],"_links":{"self":[{"href":"https:\/\/users.utu.fi\/volarj\/wp-json\/wp\/v2\/pages\/83","targetHints":{"allow":["GET"]}}],"collection":[{"href":"https:\/\/users.utu.fi\/volarj\/wp-json\/wp\/v2\/pages"}],"about":[{"href":"https:\/\/users.utu.fi\/volarj\/wp-json\/wp\/v2\/types\/page"}],"author":[{"embeddable":true,"href":"https:\/\/users.utu.fi\/volarj\/wp-json\/wp\/v2\/users\/2532"}],"replies":[{"embeddable":true,"href":"https:\/\/users.utu.fi\/volarj\/wp-json\/wp\/v2\/comments?post=83"}],"version-history":[{"count":2,"href":"https:\/\/users.utu.fi\/volarj\/wp-json\/wp\/v2\/pages\/83\/revisions"}],"predecessor-version":[{"id":92,"href":"https:\/\/users.utu.fi\/volarj\/wp-json\/wp\/v2\/pages\/83\/revisions\/92"}],"wp:attachment":[{"href":"https:\/\/users.utu.fi\/volarj\/wp-json\/wp\/v2\/media?parent=83"}],"curies":[{"name":"wp","href":"https:\/\/api.w.org\/{rel}","templated":true}]}}